{"id":10165,"date":"2024-04-17T19:38:51","date_gmt":"2024-04-17T17:38:51","guid":{"rendered":"https:\/\/zrc.web-74.com\/la-marque\/savoir-faire\/crown-metal-band\/"},"modified":"2025-03-18T15:00:55","modified_gmt":"2025-03-18T14:00:55","slug":"couronne-bracelet-plongeur","status":"publish","type":"page","link":"https:\/\/zrc1904.com\/fr\/savoir-faire\/couronne-bracelet-plongeur\/","title":{"rendered":"Couronne &#038; Bracelet Plongeur"},"content":{"rendered":"<div class=\"block block-savoir-faire\">\n        <div class=\"container\">\n                        <div class=\"elements\">\n                            <div class=\"element\">\n                    <img loading=\"lazy\" decoding=\"async\" width=\"700\" height=\"660\" src=\"https:\/\/zrc1904.com\/wp-content\/uploads\/2022\/06\/ZRC-CPS-Crown-Protcetion-System.png\" class=\"attachment-full size-full\" alt=\"ZRC\u00ae-CPS-Crown-Protcetion-System\" srcset=\"https:\/\/zrc1904.com\/wp-content\/uploads\/2022\/06\/ZRC-CPS-Crown-Protcetion-System.png 700w, https:\/\/zrc1904.com\/wp-content\/uploads\/2022\/06\/ZRC-CPS-Crown-Protcetion-System-510x481.png 510w, https:\/\/zrc1904.com\/wp-content\/uploads\/2022\/06\/ZRC-CPS-Crown-Protcetion-System-100x94.png 100w\" sizes=\"(max-width: 700px) 100vw, 700px\" title=\"ZRC\u00ae-CPS-Crown-Protcetion-System\" \/>                    <div class=\"element-inner\">\n                                                    <h3>CROWN PROTECTION SYSTEM\u2122<\/h3>\n                                                                                                    <div class=\"accordion\">\n                                <a href=\"#\" class=\"more\" aria-controls=\"element-1\">En savoir plus<\/a>\n                                <div class=\"element-1 accordion-target\">\n                                    <p>100% de s\u00e9curit\u00e9 garantie gr\u00e2ce au syst\u00e8me exclusif de bracelet \u00e0 anses escamotables. La mise \u00e0 l\u2019eau sans avoir reviss\u00e9 la couronne en position initiale est impossible. Non reviss\u00e9e, elle emp\u00eache le bracelet de se remettre en place. Une m\u00e9thode efficace pour parer les oublis \u00e0 l\u2019origine de d\u00e9sagr\u00e9ments techniques.<\/p>\n                                <\/div>\n                            <\/div>\n                                            <\/div>\n                <\/div>\n                            <div class=\"element\">\n                    <img loading=\"lazy\" decoding=\"async\" width=\"1500\" height=\"1500\" src=\"https:\/\/zrc1904.com\/wp-content\/uploads\/2022\/04\/Dive-Extension-ZRC-strap.png\" class=\"attachment-full size-full\" alt=\"Dive-Extension-ZRC\u00ae-strap\" srcset=\"https:\/\/zrc1904.com\/wp-content\/uploads\/2022\/04\/Dive-Extension-ZRC-strap.png 1500w, https:\/\/zrc1904.com\/wp-content\/uploads\/2022\/04\/Dive-Extension-ZRC-strap-510x510.png 510w, https:\/\/zrc1904.com\/wp-content\/uploads\/2022\/04\/Dive-Extension-ZRC-strap-1024x1024.png 1024w, https:\/\/zrc1904.com\/wp-content\/uploads\/2022\/04\/Dive-Extension-ZRC-strap-100x100.png 100w, https:\/\/zrc1904.com\/wp-content\/uploads\/2022\/04\/Dive-Extension-ZRC-strap-768x768.png 768w, https:\/\/zrc1904.com\/wp-content\/uploads\/2022\/04\/Dive-Extension-ZRC-strap-166x166.png 166w, https:\/\/zrc1904.com\/wp-content\/uploads\/2022\/04\/Dive-Extension-ZRC-strap-250x250.png 250w\" sizes=\"(max-width: 1500px) 100vw, 1500px\" title=\"Dive-Extension-ZRC\u00ae-strap\" \/>                    <div class=\"element-inner\">\n                                                    <h3>BRACELET PLONGEUR EXCLUSIF ZRC<sup>\u00ae<\/sup><\/h3>\n                                                                                                    <div class=\"accordion\">\n                                <a href=\"#\" class=\"more\" aria-controls=\"element-2\">En savoir plus<\/a>\n                                <div class=\"element-2 accordion-target\">\n                                    <p>La Grands Fonds \u00a0MN64<sup>TM<\/sup> est dot\u00e9e d\u2019un bracelet m\u00e9tallique massif ajustable automatiquement via 2 anses recelant d\u2019ing\u00e9nieux ressorts pouvant-\u00eatre comprim\u00e9s lui permettant d\u2019\u00eatre port\u00e9 par-dessus une combinaison de plong\u00e9e ou tout autre v\u00eatement de sport. Ce syst\u00e8me unique de ressorts noy\u00e9s dans la masse s\u2019adapte automatiquement au diam\u00e8tre du poignet et apporte un confort de porter in\u00e9galable. Gr\u00e2ce \u00e0 ses demi-maillons vous pouvez l\u2019ajuster \u00e0 +\/- 3mm pr\u00e8s ce qui lui conf\u00e8re une compatibilit\u00e9 universelle.<\/p>\n                                <\/div>\n                            <\/div>\n                                            <\/div>\n                <\/div>\n                            <div class=\"element\">\n                    <img loading=\"lazy\" decoding=\"async\" width=\"700\" height=\"700\" src=\"https:\/\/zrc1904.com\/wp-content\/uploads\/2022\/03\/montres-ZRC-grosplans-fermoir.jpg\" class=\"attachment-full size-full\" alt=\"montres-ZRC\u00ae-grosplans-fermoir\" srcset=\"https:\/\/zrc1904.com\/wp-content\/uploads\/2022\/03\/montres-ZRC-grosplans-fermoir.jpg 700w, https:\/\/zrc1904.com\/wp-content\/uploads\/2022\/03\/montres-ZRC-grosplans-fermoir-510x510.jpg 510w, https:\/\/zrc1904.com\/wp-content\/uploads\/2022\/03\/montres-ZRC-grosplans-fermoir-100x100.jpg 100w, https:\/\/zrc1904.com\/wp-content\/uploads\/2022\/03\/montres-ZRC-grosplans-fermoir-166x166.jpg 166w, https:\/\/zrc1904.com\/wp-content\/uploads\/2022\/03\/montres-ZRC-grosplans-fermoir-250x250.jpg 250w\" sizes=\"(max-width: 700px) 100vw, 700px\" title=\"montres-ZRC\u00ae-grosplans-fermoir\" \/>                    <div class=\"element-inner\">\n                                                    <h3>Fermoir \u00ab Plongeur \u00bb<\/h3>\n                                                                                                    <div class=\"accordion\">\n                                <a href=\"#\" class=\"more\" aria-controls=\"element-3\">En savoir plus<\/a>\n                                <div class=\"element-3 accordion-target\">\n                                    <p>Le fermoir unique et exclusif de la ZRC<sup>\u00ae<\/sup> Grands Fonds offre un syst\u00e8me anti-retour ainsi qu\u2019un verrouillage \u00e0 360\u00b0 lui permettant une s\u00e9curit\u00e9 maximum. Elabor\u00e9 pour r\u00e9pondre aux besoins des D\u00e9mineurs de la Marine Nationale il b\u00e9n\u00e9ficie d\u2019une ex\u00e9cution soign\u00e9e.<\/p>\n                                <\/div>\n                            <\/div>\n                                            <\/div>\n                <\/div>\n                    <\/div>\n            <\/div>\n    <\/div><figure class=\"wp-block-embed aligncenter is-type-video is-provider-youtube wp-block-embed-youtube wp-embed-aspect-16-9 wp-has-aspect-ratio\"><div class=\"wp-block-embed__wrapper\">\n<iframe loading=\"lazy\" title=\"ZRC CLASP TUTO\" width=\"640\" height=\"360\" src=\"https:\/\/www.youtube.com\/embed\/wJZBMmpwv2s?feature=oembed\" frameborder=\"0\" allow=\"accelerometer; autoplay; clipboard-write; encrypted-media; gyroscope; picture-in-picture; web-share\" referrerpolicy=\"strict-origin-when-cross-origin\" allowfullscreen><\/iframe>\n<\/div><\/figure><figure class=\"wp-block-embed aligncenter is-type-video is-provider-youtube wp-block-embed-youtube wp-embed-aspect-16-9 wp-has-aspect-ratio\"><div class=\"wp-block-embed__wrapper\">\n<iframe loading=\"lazy\" title=\"ZRC TIME SETTING TUTO\" width=\"640\" height=\"360\" src=\"https:\/\/www.youtube.com\/embed\/6fEZo8B9q4E?feature=oembed\" frameborder=\"0\" allow=\"accelerometer; autoplay; clipboard-write; encrypted-media; gyroscope; picture-in-picture; web-share\" referrerpolicy=\"strict-origin-when-cross-origin\" allowfullscreen><\/iframe>\n<\/div><\/figure><figure class=\"wp-block-embed aligncenter is-type-video is-provider-youtube wp-block-embed-youtube wp-embed-aspect-16-9 wp-has-aspect-ratio\"><div class=\"wp-block-embed__wrapper\">\n<iframe loading=\"lazy\" title=\"ZRC GF300 &amp; GF3000 BRACELET REPLACEMENT TUTO\" width=\"640\" height=\"360\" src=\"https:\/\/www.youtube.com\/embed\/SDRLiKXew7o?feature=oembed\" frameborder=\"0\" allow=\"accelerometer; autoplay; clipboard-write; encrypted-media; gyroscope; picture-in-picture; web-share\" referrerpolicy=\"strict-origin-when-cross-origin\" allowfullscreen><\/iframe>\n<\/div><\/figure><figure class=\"wp-block-embed aligncenter is-type-video is-provider-youtube wp-block-embed-youtube wp-embed-aspect-16-9 wp-has-aspect-ratio\"><div class=\"wp-block-embed__wrapper\">\n<iframe loading=\"lazy\" title=\"ZRC GF38 BRACELET SEIZING\" width=\"640\" height=\"360\" src=\"https:\/\/www.youtube.com\/embed\/xgkOQJUVqB4?feature=oembed\" frameborder=\"0\" allow=\"accelerometer; autoplay; clipboard-write; encrypted-media; gyroscope; picture-in-picture; web-share\" referrerpolicy=\"strict-origin-when-cross-origin\" allowfullscreen><\/iframe>\n<\/div><\/figure><div class=\"block block-content-cta\">\n            <div class=\"cta-item\">\n                                            <img loading=\"lazy\" decoding=\"async\" width=\"700\" height=\"630\" src=\"https:\/\/zrc1904.com\/wp-content\/uploads\/2025\/03\/fond-deformation.jpg\" class=\"attachment-full size-full\" alt=\"D\u00e9formation programm\u00e9e des mat\u00e9riaux\" srcset=\"https:\/\/zrc1904.com\/wp-content\/uploads\/2025\/03\/fond-deformation.jpg 700w, https:\/\/zrc1904.com\/wp-content\/uploads\/2025\/03\/fond-deformation-510x459.jpg 510w, https:\/\/zrc1904.com\/wp-content\/uploads\/2025\/03\/fond-deformation-100x90.jpg 100w\" sizes=\"(max-width: 700px) 100vw, 700px\" \/>\n            \n            <a href=\"https:\/\/zrc1904.com\/fr\/savoir-faire\/deformation-programmee-des-materiaux\/\" class=\"cta-item-link\" aria-label=\"D\u00e9formation programm\u00e9e des mat\u00e9riaux\"><\/a>\n            <div class=\"cta-item-content\">\n                <span>Expertise<\/span>\n                <h2 class=\"h1\">D\u00e9formation programm\u00e9e des mat\u00e9riaux<\/h2>\n            <\/div>\n        <\/div>\n            <div class=\"cta-item\">\n                                            <img loading=\"lazy\" decoding=\"async\" width=\"700\" height=\"630\" src=\"https:\/\/zrc1904.com\/wp-content\/uploads\/2025\/03\/fond-ecs.jpg\" class=\"attachment-full size-full\" alt=\"LUNETTE ECS\u2122 (EASY CLEAN SYSTEM)\" srcset=\"https:\/\/zrc1904.com\/wp-content\/uploads\/2025\/03\/fond-ecs.jpg 700w, https:\/\/zrc1904.com\/wp-content\/uploads\/2025\/03\/fond-ecs-510x459.jpg 510w, https:\/\/zrc1904.com\/wp-content\/uploads\/2025\/03\/fond-ecs-100x90.jpg 100w\" sizes=\"(max-width: 700px) 100vw, 700px\" \/>\n            \n            <a href=\"https:\/\/zrc1904.com\/fr\/savoir-faire\/couronne-ecs-easy-clean-system\/\" class=\"cta-item-link\" aria-label=\"LUNETTE ECS\u2122 (EASY CLEAN SYSTEM)\"><\/a>\n            <div class=\"cta-item-content\">\n                <span>Expertise<\/span>\n                <h2 class=\"h1\">LUNETTE ECS\u2122 (EASY CLEAN SYSTEM)<\/h2>\n            <\/div>\n        <\/div>\n            <div class=\"cta-item\">\n                                            <img loading=\"lazy\" decoding=\"async\" width=\"700\" height=\"630\" src=\"https:\/\/zrc1904.com\/wp-content\/uploads\/2024\/04\/mouvement-fond-bloc.jpg\" class=\"attachment-full size-full\" alt=\"MOUVEMENT\" srcset=\"https:\/\/zrc1904.com\/wp-content\/uploads\/2024\/04\/mouvement-fond-bloc.jpg 700w, https:\/\/zrc1904.com\/wp-content\/uploads\/2024\/04\/mouvement-fond-bloc-510x459.jpg 510w, https:\/\/zrc1904.com\/wp-content\/uploads\/2024\/04\/mouvement-fond-bloc-100x90.jpg 100w\" sizes=\"(max-width: 700px) 100vw, 700px\" \/>\n            \n            <a href=\"https:\/\/zrc1904.com\/fr\/savoir-faire\/mouvement\/\" class=\"cta-item-link\" aria-label=\"MOUVEMENT\"><\/a>\n            <div class=\"cta-item-content\">\n                <span>Expertise<\/span>\n                <h2 class=\"h1\">MOUVEMENT<\/br><\/br><\/h2>\n            <\/div>\n        <\/div>\n    <\/div>","protected":false},"excerpt":{"rendered":"","protected":false},"author":2,"featured_media":0,"parent":92,"menu_order":0,"comment_status":"closed","ping_status":"closed","template":"template-savoir-faire.php","meta":{"_acf_changed":false,"footnotes":""},"acf":[],"_links":{"self":[{"href":"https:\/\/zrc1904.com\/fr\/wp-json\/wp\/v2\/pages\/10165"}],"collection":[{"href":"https:\/\/zrc1904.com\/fr\/wp-json\/wp\/v2\/pages"}],"about":[{"href":"https:\/\/zrc1904.com\/fr\/wp-json\/wp\/v2\/types\/page"}],"author":[{"embeddable":true,"href":"https:\/\/zrc1904.com\/fr\/wp-json\/wp\/v2\/users\/2"}],"replies":[{"embeddable":true,"href":"https:\/\/zrc1904.com\/fr\/wp-json\/wp\/v2\/comments?post=10165"}],"version-history":[{"count":16,"href":"https:\/\/zrc1904.com\/fr\/wp-json\/wp\/v2\/pages\/10165\/revisions"}],"predecessor-version":[{"id":13099,"href":"https:\/\/zrc1904.com\/fr\/wp-json\/wp\/v2\/pages\/10165\/revisions\/13099"}],"up":[{"embeddable":true,"href":"https:\/\/zrc1904.com\/fr\/wp-json\/wp\/v2\/pages\/92"}],"wp:attachment":[{"href":"https:\/\/zrc1904.com\/fr\/wp-json\/wp\/v2\/media?parent=10165"}],"curies":[{"name":"wp","href":"https:\/\/api.w.org\/{rel}","templated":true}]}}