{"id":10153,"date":"2024-04-17T19:24:33","date_gmt":"2024-04-17T17:24:33","guid":{"rendered":"https:\/\/zrc.web-74.com\/la-marque\/savoir-faire\/bezel-ecs-easy-clean-system\/"},"modified":"2025-03-20T17:00:21","modified_gmt":"2025-03-20T16:00:21","slug":"couronne-ecs-easy-clean-system","status":"publish","type":"page","link":"https:\/\/zrc1904.com\/fr\/savoir-faire\/couronne-ecs-easy-clean-system\/","title":{"rendered":"LUNETTE ECS\u2122"},"content":{"rendered":"<div class=\"block block-savoir-faire\">\n        <div class=\"container\">\n                        <div class=\"elements\">\n                            <div class=\"element\">\n                    <img loading=\"lazy\" decoding=\"async\" width=\"1500\" height=\"1500\" src=\"https:\/\/zrc1904.com\/wp-content\/uploads\/2025\/03\/GF421613-montre-homme-ZRC-MN64-HETERIUM-ECS.png\" class=\"attachment-full size-full\" alt=\"GF421613-montre-homme-ZRC-MN64-HETERIUM-ECS\" srcset=\"https:\/\/zrc1904.com\/wp-content\/uploads\/2025\/03\/GF421613-montre-homme-ZRC-MN64-HETERIUM-ECS.png 1500w, https:\/\/zrc1904.com\/wp-content\/uploads\/2025\/03\/GF421613-montre-homme-ZRC-MN64-HETERIUM-ECS-510x510.png 510w, https:\/\/zrc1904.com\/wp-content\/uploads\/2025\/03\/GF421613-montre-homme-ZRC-MN64-HETERIUM-ECS-1024x1024.png 1024w, https:\/\/zrc1904.com\/wp-content\/uploads\/2025\/03\/GF421613-montre-homme-ZRC-MN64-HETERIUM-ECS-100x100.png 100w, https:\/\/zrc1904.com\/wp-content\/uploads\/2025\/03\/GF421613-montre-homme-ZRC-MN64-HETERIUM-ECS-768x768.png 768w, https:\/\/zrc1904.com\/wp-content\/uploads\/2025\/03\/GF421613-montre-homme-ZRC-MN64-HETERIUM-ECS-166x166.png 166w, https:\/\/zrc1904.com\/wp-content\/uploads\/2025\/03\/GF421613-montre-homme-ZRC-MN64-HETERIUM-ECS-250x250.png 250w\" sizes=\"(max-width: 1500px) 100vw, 1500px\" title=\"GF421613-montre-homme-ZRC-MN64-HETERIUM-ECS\" \/>                    <div class=\"element-inner\">\n                                                                                                    <div class=\"accordion\">\n                                <a href=\"#\" class=\"more\" aria-controls=\"element-1\">En savoir plus<\/a>\n                                <div class=\"element-1 accordion-target\">\n                                    <p>C\u2019est lors d\u2019une rencontre entre Yves PASTRES et Georges BRUNET que l\u2019id\u00e9e de l\u2019ECS<sup>\u00ae<\/sup> va germer dans l\u2019esprit du jeune chef d\u2019entreprise. Le vieil horloger ne cessait de raconter combien de lunettes il avait chang\u00e9 au cours de sa longue carri\u00e8re et de la n\u00e9cessit\u00e9 de trouver un syst\u00e8me pour \u00e9viter leur usure pr\u00e9matur\u00e9e au contact du sel marin.\r\nC\u2019est presque 10 ans plus tard que Georges BRUNET trouvera la solution : inspir\u00e9 par une sc\u00e8ne du film \u00ab\u00a0Das Boot\u00a0\u00bb, il comprend que plut\u00f4t que d\u2019essayer d\u2019emp\u00eacher l\u2019eau de rentrer, il serait plus intelligent de lui permettre de circuler librement afin de pouvoir rincer les composants expos\u00e9s aux diff\u00e9rents \u00e9l\u00e9ments et ainsi prolonger leur int\u00e9grit\u00e9. L\u2019ECS<sup>\u00ae<\/sup> \u00e9tait n\u00e9.<\/p>\n                                <\/div>\n                            <\/div>\n                                            <\/div>\n                <\/div>\n                            <div class=\"element\">\n                    <img loading=\"lazy\" decoding=\"async\" width=\"1815\" height=\"1186\" src=\"https:\/\/zrc1904.com\/wp-content\/uploads\/2024\/05\/Circuit-d-eau-de-ECS-ZRC-1.png\" class=\"attachment-full size-full\" alt=\"Circuit d&#039;eau ECS ZRC\u00ae\" srcset=\"https:\/\/zrc1904.com\/wp-content\/uploads\/2024\/05\/Circuit-d-eau-de-ECS-ZRC-1.png 1815w, https:\/\/zrc1904.com\/wp-content\/uploads\/2024\/05\/Circuit-d-eau-de-ECS-ZRC-1-510x333.png 510w, https:\/\/zrc1904.com\/wp-content\/uploads\/2024\/05\/Circuit-d-eau-de-ECS-ZRC-1-1024x669.png 1024w, https:\/\/zrc1904.com\/wp-content\/uploads\/2024\/05\/Circuit-d-eau-de-ECS-ZRC-1-768x502.png 768w, https:\/\/zrc1904.com\/wp-content\/uploads\/2024\/05\/Circuit-d-eau-de-ECS-ZRC-1-1536x1004.png 1536w, https:\/\/zrc1904.com\/wp-content\/uploads\/2024\/05\/Circuit-d-eau-de-ECS-ZRC-1-100x65.png 100w\" sizes=\"(max-width: 1815px) 100vw, 1815px\" title=\"Circuit d&#039;eau ECS ZRC\u00ae\" \/>                    <div class=\"element-inner\">\n                                                    <h3>Easy Clean System<\/h3>\n                                                                            <h4>Brevet n\u00b01462496<\/h4>\n                                                                            <div class=\"accordion\">\n                                <a href=\"#\" class=\"more\" aria-controls=\"element-2\">En savoir plus<\/a>\n                                <div class=\"element-2 accordion-target\">\n                                    <p>L\u2019ECS<sup>\u00ae<\/sup>\u00a0est une solution technique r\u00e9pondant \u00e0 la probl\u00e9matique constat\u00e9e par les plongeurs d\u00e9mineurs de la Marine Nationale au cours de leurs multiples plong\u00e9es : le sel se cristallisait dans les espaces entre la lunette et le boitier, bloquant ainsi sa rotation. Pour la r\u00e9\u00e9dition 2015 de la Grands Fonds 300<sup>\u00ae<\/sup>, ZRC<sup>\u00ae<\/sup>\u00a0a mis au point et brevet\u00e9 une solution fonctionnelle. L\u2019ECS<sup>\u00ae<\/sup>\u00a0est n\u00e9. Syst\u00e8me unique de nettoyage de l\u2019int\u00e9rieur de la lunette par une circulation d\u2019eau claire permettant la dilution et l\u2019\u00e9vacuation du sel de mer, l\u2019ECS<sup>\u00ae<\/sup>\u00a0est l\u2019hommage ultime \u00e0 la Grands Fonds<sup>\u00ae<\/sup>\u00a0d\u2019origine et s\u2019inscrit clairement dans l\u2019ADN de la marque.<\/p>\n                                <\/div>\n                            <\/div>\n                                            <\/div>\n                <\/div>\n                    <\/div>\n            <\/div>\n    <\/div><div class=\"block block-content-cta\">\n            <div class=\"cta-item\">\n                                            <img loading=\"lazy\" decoding=\"async\" width=\"700\" height=\"630\" src=\"https:\/\/zrc1904.com\/wp-content\/uploads\/2025\/03\/fond-deformation.jpg\" class=\"attachment-full size-full\" alt=\"D\u00e9formation programm\u00e9e des mat\u00e9riaux\" srcset=\"https:\/\/zrc1904.com\/wp-content\/uploads\/2025\/03\/fond-deformation.jpg 700w, https:\/\/zrc1904.com\/wp-content\/uploads\/2025\/03\/fond-deformation-510x459.jpg 510w, https:\/\/zrc1904.com\/wp-content\/uploads\/2025\/03\/fond-deformation-100x90.jpg 100w\" sizes=\"(max-width: 700px) 100vw, 700px\" \/>\n            \n            <a href=\"https:\/\/zrc1904.com\/fr\/savoir-faire\/deformation-programmee-des-materiaux\/\" class=\"cta-item-link\" aria-label=\"D\u00e9formation programm\u00e9e des mat\u00e9riaux\"><\/a>\n            <div class=\"cta-item-content\">\n                <span>Expertise<\/span>\n                <h2 class=\"h1\">D\u00e9formation programm\u00e9e des mat\u00e9riaux<\/h2>\n            <\/div>\n        <\/div>\n            <div class=\"cta-item\">\n                                            <img loading=\"lazy\" decoding=\"async\" width=\"700\" height=\"630\" src=\"https:\/\/zrc1904.com\/wp-content\/uploads\/2024\/04\/cps-bracelets-fond-bloc.jpg\" class=\"attachment-full size-full\" alt=\"Couronne &amp; Bracelet plongeur\" srcset=\"https:\/\/zrc1904.com\/wp-content\/uploads\/2024\/04\/cps-bracelets-fond-bloc.jpg 700w, https:\/\/zrc1904.com\/wp-content\/uploads\/2024\/04\/cps-bracelets-fond-bloc-510x459.jpg 510w, https:\/\/zrc1904.com\/wp-content\/uploads\/2024\/04\/cps-bracelets-fond-bloc-100x90.jpg 100w\" sizes=\"(max-width: 700px) 100vw, 700px\" \/>\n            \n            <a href=\"https:\/\/zrc1904.com\/fr\/savoir-faire\/couronne-bracelet-plongeur\/\" class=\"cta-item-link\" aria-label=\"Couronne &#038; Bracelet plongeur\"><\/a>\n            <div class=\"cta-item-content\">\n                <span>Expertise<\/span>\n                <h2 class=\"h1\">Couronne &#038; Bracelet plongeur<\/h2>\n            <\/div>\n        <\/div>\n            <div class=\"cta-item\">\n                                            <img loading=\"lazy\" decoding=\"async\" width=\"700\" height=\"630\" src=\"https:\/\/zrc1904.com\/wp-content\/uploads\/2024\/04\/mouvement-fond-bloc.jpg\" class=\"attachment-full size-full\" alt=\"MOUVEMENT\" srcset=\"https:\/\/zrc1904.com\/wp-content\/uploads\/2024\/04\/mouvement-fond-bloc.jpg 700w, https:\/\/zrc1904.com\/wp-content\/uploads\/2024\/04\/mouvement-fond-bloc-510x459.jpg 510w, https:\/\/zrc1904.com\/wp-content\/uploads\/2024\/04\/mouvement-fond-bloc-100x90.jpg 100w\" sizes=\"(max-width: 700px) 100vw, 700px\" \/>\n            \n            <a href=\"https:\/\/zrc1904.com\/fr\/savoir-faire\/mouvement\/\" class=\"cta-item-link\" aria-label=\"MOUVEMENT\"><\/a>\n            <div class=\"cta-item-content\">\n                <span>Expertise<\/span>\n                <h2 class=\"h1\">MOUVEMENT<\/br><\/br><\/h2>\n            <\/div>\n        <\/div>\n    <\/div>","protected":false},"excerpt":{"rendered":"","protected":false},"author":2,"featured_media":0,"parent":92,"menu_order":0,"comment_status":"closed","ping_status":"closed","template":"template-savoir-faire.php","meta":{"_acf_changed":false,"footnotes":""},"acf":[],"_links":{"self":[{"href":"https:\/\/zrc1904.com\/fr\/wp-json\/wp\/v2\/pages\/10153"}],"collection":[{"href":"https:\/\/zrc1904.com\/fr\/wp-json\/wp\/v2\/pages"}],"about":[{"href":"https:\/\/zrc1904.com\/fr\/wp-json\/wp\/v2\/types\/page"}],"author":[{"embeddable":true,"href":"https:\/\/zrc1904.com\/fr\/wp-json\/wp\/v2\/users\/2"}],"replies":[{"embeddable":true,"href":"https:\/\/zrc1904.com\/fr\/wp-json\/wp\/v2\/comments?post=10153"}],"version-history":[{"count":15,"href":"https:\/\/zrc1904.com\/fr\/wp-json\/wp\/v2\/pages\/10153\/revisions"}],"predecessor-version":[{"id":13185,"href":"https:\/\/zrc1904.com\/fr\/wp-json\/wp\/v2\/pages\/10153\/revisions\/13185"}],"up":[{"embeddable":true,"href":"https:\/\/zrc1904.com\/fr\/wp-json\/wp\/v2\/pages\/92"}],"wp:attachment":[{"href":"https:\/\/zrc1904.com\/fr\/wp-json\/wp\/v2\/media?parent=10153"}],"curies":[{"name":"wp","href":"https:\/\/api.w.org\/{rel}","templated":true}]}}