{"id":10130,"date":"2024-04-17T08:52:23","date_gmt":"2024-04-17T06:52:23","guid":{"rendered":"https:\/\/zrc.web-74.com\/la-marque\/savoir-faire\/programmed-deformation-of-materials\/"},"modified":"2026-04-29T15:57:19","modified_gmt":"2026-04-29T13:57:19","slug":"deformation-programmee-des-materiaux","status":"publish","type":"page","link":"https:\/\/zrc1904.com\/fr\/savoir-faire\/deformation-programmee-des-materiaux\/","title":{"rendered":"D\u00e9formation programm\u00e9e des mat\u00e9riaux"},"content":{"rendered":"<div class=\"block block-savoir-faire\">\n        <div class=\"container\">\n                        <div class=\"elements\">\n                            <div class=\"element\">\n                    <img loading=\"lazy\" decoding=\"async\" width=\"1500\" height=\"1500\" src=\"https:\/\/zrc1904.com\/wp-content\/uploads\/2025\/03\/GF422618-montre-homme-ZRC-MN64-3000-TITANIUM-Dos.png\" class=\"attachment-full size-full\" alt=\"GF422618-montre-homme-ZRC-MN64-3000-TITANIUM-Dos\" srcset=\"https:\/\/zrc1904.com\/wp-content\/uploads\/2025\/03\/GF422618-montre-homme-ZRC-MN64-3000-TITANIUM-Dos.png 1500w, https:\/\/zrc1904.com\/wp-content\/uploads\/2025\/03\/GF422618-montre-homme-ZRC-MN64-3000-TITANIUM-Dos-510x510.png 510w, https:\/\/zrc1904.com\/wp-content\/uploads\/2025\/03\/GF422618-montre-homme-ZRC-MN64-3000-TITANIUM-Dos-1024x1024.png 1024w, https:\/\/zrc1904.com\/wp-content\/uploads\/2025\/03\/GF422618-montre-homme-ZRC-MN64-3000-TITANIUM-Dos-100x100.png 100w, https:\/\/zrc1904.com\/wp-content\/uploads\/2025\/03\/GF422618-montre-homme-ZRC-MN64-3000-TITANIUM-Dos-768x768.png 768w, https:\/\/zrc1904.com\/wp-content\/uploads\/2025\/03\/GF422618-montre-homme-ZRC-MN64-3000-TITANIUM-Dos-166x166.png 166w, https:\/\/zrc1904.com\/wp-content\/uploads\/2025\/03\/GF422618-montre-homme-ZRC-MN64-3000-TITANIUM-Dos-250x250.png 250w\" sizes=\"(max-width: 1500px) 100vw, 1500px\" title=\"GF422618-montre-homme-ZRC-MN64-3000-TITANIUM-Dos\" \/>                    <div class=\"element-inner\">\n                                                                                                    <div class=\"accordion\">\n                                <a href=\"#\" class=\"more\" aria-controls=\"element-1\">En savoir plus<\/a>\n                                <div class=\"element-1 accordion-target\">\n                                    <p>Depuis les ann\u00e9es 1950, ZRC\u00ae figure parmi les tr\u00e8s rares manufactures \u00e0 avoir d\u00e9velopp\u00e9 et fait \u00e9voluer une expertise unique dans l\u2019\u00e9tude des contraintes li\u00e9es \u00e0 la d\u00e9formation programm\u00e9e des mat\u00e9riaux. Cette ma\u00eetrise, continuellement perfectionn\u00e9e depuis plus de sept d\u00e9cennies, constitue aujourd\u2019hui une signature technologique exclusive de la marque.<BR><\/BR>\r\n\r\nCette approche singuli\u00e8re trouve \u00e9galement son origine dans la r\u00e9flexion de son CEO, Georges Brunet. \u00c0 la suite de son passage dans la Marine, il observe lors d\u2019un exercice en mer Rouge aux c\u00f4t\u00e9s du sous-marin nucl\u00e9aire <em>La Perle<\/em> le fonctionnement des syst\u00e8mes d\u2019\u00e9tanch\u00e9it\u00e9 des sas de sous-marins atomiques. Cette exp\u00e9rience nourrit une vision radicalement diff\u00e9rente de l\u2019\u00e9tanch\u00e9it\u00e9 horlog\u00e8re, fond\u00e9e sur la logique des pressions \u00e9quilibr\u00e9es et des volumes ma\u00eetris\u00e9s.<\/p>\n                                <\/div>\n                            <\/div>\n                                            <\/div>\n                <\/div>\n                            <div class=\"element\">\n                    <img loading=\"lazy\" decoding=\"async\" width=\"427\" height=\"823\" src=\"https:\/\/zrc1904.com\/wp-content\/uploads\/2024\/04\/Deformation-programme-des-materiaux-ZRC.jpg\" class=\"attachment-full size-full\" alt=\"Deformation-programme-des-materiaux-ZRC\" srcset=\"https:\/\/zrc1904.com\/wp-content\/uploads\/2024\/04\/Deformation-programme-des-materiaux-ZRC.jpg 427w, https:\/\/zrc1904.com\/wp-content\/uploads\/2024\/04\/Deformation-programme-des-materiaux-ZRC-265x510.jpg 265w, https:\/\/zrc1904.com\/wp-content\/uploads\/2024\/04\/Deformation-programme-des-materiaux-ZRC-52x100.jpg 52w\" sizes=\"(max-width: 427px) 100vw, 427px\" title=\"Deformation-programme-des-materiaux-ZRC\" \/>                    <div class=\"element-inner\">\n                                                                                                    <div class=\"accordion\">\n                                <a href=\"#\" class=\"more\" aria-controls=\"element-2\">En savoir plus<\/a>\n                                <div class=\"element-2 accordion-target\">\n                                    <p>Au-del\u00e0 des performances de profondeur, c\u2019est la qualit\u00e9 d\u2019usinage et la ma\u00eetrise des assemblages au micron qui distinguent fondamentalement cette approche de l\u2019horlogerie traditionnelle. L\u00e0 o\u00f9 les syst\u00e8mes conventionnels reposent sur la compression m\u00e9canique d\u2019un joint de fond par rotation, ZRC\u00ae adopte un principe inverse et \u00e9volutif : une pression appliqu\u00e9e de mani\u00e8re proportionnelle \u00e0 la pression ambiante.<BR><\/BR>\r\n\r\nDans cette logique unique, plus la pression ext\u00e9rieure augmente, plus l\u2019\u00e9tanch\u00e9it\u00e9 se renforce, transformant la contrainte en facteur de s\u00e9curit\u00e9.<BR><\/BR>\r\n\r\nCette technologie exclusive permet ainsi la conception de montres \u00e9tanches \u00e0 tr\u00e8s grande profondeur \u2014 jusqu\u2019\u00e0 5 100 m\u00e8tres pour les versions en titane et 1 000 m\u00e8tres pour les versions en acier \u2014 sans recourir \u00e0 une valve \u00e0 h\u00e9lium ni \u00e0 l\u2019utilisation de gel dans le bo\u00eetier. Une approche radicalement diff\u00e9rente, propre \u00e0 ZRC\u00ae, fond\u00e9e sur une architecture structurelle ma\u00eetris\u00e9e plut\u00f4t que sur des syst\u00e8mes de compensation.<BR><\/BR>\r\n\r\nElle permet \u00e9galement d\u2019optimiser les volumes en r\u00e9duisant l\u2019\u00e9paisseur des bo\u00eetiers, offrant un confort au port\u00e9 nettement am\u00e9lior\u00e9, sans compromis sur la performance.<BR><\/BR>\r\n\r\nElle repose sur une compr\u00e9hension fine du comportement des mat\u00e9riaux face aux pressions extr\u00eames et aux variations thermiques, le verre saphir, l\u2019acier, le titane et la c\u00e9ramique ne r\u00e9agissant pas de mani\u00e8re identique sous contrainte.<BR><\/BR>\r\n\r\nFruit de plus de 70 ans de recherche continue, cette expertise conf\u00e8re \u00e0 ZRC\u00ae une position singuli\u00e8re dans l\u2019univers horloger : celle d\u2019une manufacture capable de proposer des montres \u00e0 la fois fiables, \u00e9pur\u00e9es et d\u2019une efficacit\u00e9 m\u00e9canique exemplaire, o\u00f9 la simplicit\u00e9 apparente dissimule une complexit\u00e9 technique unique.<\/p>\n                                <\/div>\n                            <\/div>\n                                            <\/div>\n                <\/div>\n                    <\/div>\n            <\/div>\n    <\/div><div class=\"block block-content-cta\">\n            <div class=\"cta-item\">\n                                            <img loading=\"lazy\" decoding=\"async\" width=\"700\" height=\"630\" src=\"https:\/\/zrc1904.com\/wp-content\/uploads\/2025\/03\/fond-ecs.jpg\" class=\"attachment-full size-full\" alt=\"LUNETTE ECS\u2122 (EASY CLEAN SYSTEM)\" srcset=\"https:\/\/zrc1904.com\/wp-content\/uploads\/2025\/03\/fond-ecs.jpg 700w, https:\/\/zrc1904.com\/wp-content\/uploads\/2025\/03\/fond-ecs-510x459.jpg 510w, https:\/\/zrc1904.com\/wp-content\/uploads\/2025\/03\/fond-ecs-100x90.jpg 100w\" sizes=\"(max-width: 700px) 100vw, 700px\" \/>\n            \n            <a href=\"https:\/\/zrc1904.com\/fr\/savoir-faire\/couronne-ecs-easy-clean-system\/\" class=\"cta-item-link\" aria-label=\"LUNETTE ECS\u2122 (EASY CLEAN SYSTEM)\"><\/a>\n            <div class=\"cta-item-content\">\n                <span>Expertise<\/span>\n                <h2 class=\"h1\">LUNETTE ECS\u2122 (EASY CLEAN SYSTEM)<\/h2>\n            <\/div>\n        <\/div>\n            <div class=\"cta-item\">\n                                            <img loading=\"lazy\" decoding=\"async\" width=\"700\" height=\"630\" src=\"https:\/\/zrc1904.com\/wp-content\/uploads\/2024\/04\/cps-bracelets-fond-bloc.jpg\" class=\"attachment-full size-full\" alt=\"Couronne &amp; Bracelet plongeur\" srcset=\"https:\/\/zrc1904.com\/wp-content\/uploads\/2024\/04\/cps-bracelets-fond-bloc.jpg 700w, https:\/\/zrc1904.com\/wp-content\/uploads\/2024\/04\/cps-bracelets-fond-bloc-510x459.jpg 510w, https:\/\/zrc1904.com\/wp-content\/uploads\/2024\/04\/cps-bracelets-fond-bloc-100x90.jpg 100w\" sizes=\"(max-width: 700px) 100vw, 700px\" \/>\n            \n            <a href=\"https:\/\/zrc1904.com\/fr\/savoir-faire\/couronne-bracelet-plongeur\/\" class=\"cta-item-link\" aria-label=\"Couronne &#038; Bracelet plongeur\"><\/a>\n            <div class=\"cta-item-content\">\n                <span>Expertise<\/span>\n                <h2 class=\"h1\">Couronne &#038; Bracelet plongeur<\/h2>\n            <\/div>\n        <\/div>\n            <div class=\"cta-item\">\n                                            <img loading=\"lazy\" decoding=\"async\" width=\"700\" height=\"630\" src=\"https:\/\/zrc1904.com\/wp-content\/uploads\/2024\/04\/mouvement-fond-bloc.jpg\" class=\"attachment-full size-full\" alt=\"MOUVEMENT\" srcset=\"https:\/\/zrc1904.com\/wp-content\/uploads\/2024\/04\/mouvement-fond-bloc.jpg 700w, https:\/\/zrc1904.com\/wp-content\/uploads\/2024\/04\/mouvement-fond-bloc-510x459.jpg 510w, https:\/\/zrc1904.com\/wp-content\/uploads\/2024\/04\/mouvement-fond-bloc-100x90.jpg 100w\" sizes=\"(max-width: 700px) 100vw, 700px\" \/>\n            \n            <a href=\"https:\/\/zrc1904.com\/fr\/savoir-faire\/mouvement\/\" class=\"cta-item-link\" aria-label=\"MOUVEMENT\"><\/a>\n            <div class=\"cta-item-content\">\n                <span>Expertise<\/span>\n                <h2 class=\"h1\">MOUVEMENT<\/br><\/br><\/h2>\n            <\/div>\n        <\/div>\n    <\/div>","protected":false},"excerpt":{"rendered":"","protected":false},"author":2,"featured_media":0,"parent":92,"menu_order":0,"comment_status":"closed","ping_status":"closed","template":"template-savoir-faire.php","meta":{"_acf_changed":false,"footnotes":""},"acf":[],"_links":{"self":[{"href":"https:\/\/zrc1904.com\/fr\/wp-json\/wp\/v2\/pages\/10130"}],"collection":[{"href":"https:\/\/zrc1904.com\/fr\/wp-json\/wp\/v2\/pages"}],"about":[{"href":"https:\/\/zrc1904.com\/fr\/wp-json\/wp\/v2\/types\/page"}],"author":[{"embeddable":true,"href":"https:\/\/zrc1904.com\/fr\/wp-json\/wp\/v2\/users\/2"}],"replies":[{"embeddable":true,"href":"https:\/\/zrc1904.com\/fr\/wp-json\/wp\/v2\/comments?post=10130"}],"version-history":[{"count":15,"href":"https:\/\/zrc1904.com\/fr\/wp-json\/wp\/v2\/pages\/10130\/revisions"}],"predecessor-version":[{"id":14412,"href":"https:\/\/zrc1904.com\/fr\/wp-json\/wp\/v2\/pages\/10130\/revisions\/14412"}],"up":[{"embeddable":true,"href":"https:\/\/zrc1904.com\/fr\/wp-json\/wp\/v2\/pages\/92"}],"wp:attachment":[{"href":"https:\/\/zrc1904.com\/fr\/wp-json\/wp\/v2\/media?parent=10130"}],"curies":[{"name":"wp","href":"https:\/\/api.w.org\/{rel}","templated":true}]}}